{"id":65,"date":"2024-05-22T15:27:28","date_gmt":"2024-05-22T13:27:28","guid":{"rendered":"https:\/\/nbtrand.cluster023.hosting.ovh.net\/?page_id=65"},"modified":"2024-05-22T16:03:58","modified_gmt":"2024-05-22T14:03:58","slug":"transport","status":"publish","type":"page","link":"https:\/\/nbtransport76.fr\/index.php\/transport\/","title":{"rendered":"TRANSPORT"},"content":{"rendered":"\n<p>Assurer l&rsquo;acheminement de vos plis, colis et palettes<\/p>\n\n\n\n<p><strong>NB TRANSPORT : VOTRE PARTENAIRE POUR DES SOLUTIONS DE TRANSPORT SUR MESURE<\/strong><\/p>\n\n\n\n<p>NB Transport organise vos transports, livraisons et retours, en tenant compte des sp\u00e9cificit\u00e9s techniques et des d\u00e9lais requis, gr\u00e2ce \u00e0 des moyens d\u00e9di\u00e9s.<\/p>\n\n\n<div class=\"wp-block-image\">\n<figure class=\"alignright size-full is-resized\"><img loading=\"lazy\" decoding=\"async\" width=\"1024\" height=\"1024\" src=\"https:\/\/nbtrand.cluster023.hosting.ovh.net\/wp-content\/uploads\/2024\/05\/Capture7.jpg\" alt=\"\" class=\"wp-image-86\" style=\"width:246px;height:auto\" srcset=\"https:\/\/nbtransport76.fr\/wp-content\/uploads\/2024\/05\/Capture7.jpg 1024w, https:\/\/nbtransport76.fr\/wp-content\/uploads\/2024\/05\/Capture7-300x300.jpg 300w, https:\/\/nbtransport76.fr\/wp-content\/uploads\/2024\/05\/Capture7-150x150.jpg 150w, https:\/\/nbtransport76.fr\/wp-content\/uploads\/2024\/05\/Capture7-768x768.jpg 768w\" sizes=\"auto, (max-width: 1024px) 100vw, 1024px\" \/><\/figure>\n<\/div>\n\n\n<p>Notre gamme de services est la plus compl\u00e8te possible :<\/p>\n\n\n\n<ul class=\"wp-block-list\">\n<li>Enl\u00e8vement et livraison de colis de 1 kg \u00e0 1 tonne sur toute la France en 24\/48 heures.<\/li>\n\n\n\n<li>Mise \u00e0 disposition de v\u00e9hicules d\u00e9di\u00e9s avec chauffeur \u00e0 la journ\u00e9e (VL utilitaire, du 3m3 au 20m3 hayon).<\/li>\n\n\n\n<li>Organisation de transports sur mesure en Europe.<\/li>\n\n\n\n<li>Navettes inter site \/ Traction de nuit France et Europe.<\/li>\n\n\n\n<li>Transports sp\u00e9ciaux.<\/li>\n<\/ul>\n\n\n\n<p>Nous sommes l\u00e0 pour r\u00e9pondre \u00e0 tous vos besoins de transport.<\/p>\n","protected":false},"excerpt":{"rendered":"<p>Assurer l&rsquo;acheminement de vos plis, colis et palettes NB TRANSPORT : VOTRE PARTENAIRE POUR DES SOLUTIONS DE TRANSPORT SUR MESURE NB Transport organise vos transports, livraisons et retours, en tenant compte des sp\u00e9cificit\u00e9s techniques et des d\u00e9lais requis, gr\u00e2ce \u00e0 des moyens d\u00e9di\u00e9s. Notre gamme de services est la plus compl\u00e8te possible : Nous sommes [&hellip;]<\/p>\n","protected":false},"author":1,"featured_media":0,"parent":0,"menu_order":0,"comment_status":"closed","ping_status":"closed","template":"","meta":{"footnotes":""},"class_list":["post-65","page","type-page","status-publish","hentry"],"_links":{"self":[{"href":"https:\/\/nbtransport76.fr\/index.php\/wp-json\/wp\/v2\/pages\/65","targetHints":{"allow":["GET"]}}],"collection":[{"href":"https:\/\/nbtransport76.fr\/index.php\/wp-json\/wp\/v2\/pages"}],"about":[{"href":"https:\/\/nbtransport76.fr\/index.php\/wp-json\/wp\/v2\/types\/page"}],"author":[{"embeddable":true,"href":"https:\/\/nbtransport76.fr\/index.php\/wp-json\/wp\/v2\/users\/1"}],"replies":[{"embeddable":true,"href":"https:\/\/nbtransport76.fr\/index.php\/wp-json\/wp\/v2\/comments?post=65"}],"version-history":[{"count":4,"href":"https:\/\/nbtransport76.fr\/index.php\/wp-json\/wp\/v2\/pages\/65\/revisions"}],"predecessor-version":[{"id":89,"href":"https:\/\/nbtransport76.fr\/index.php\/wp-json\/wp\/v2\/pages\/65\/revisions\/89"}],"wp:attachment":[{"href":"https:\/\/nbtransport76.fr\/index.php\/wp-json\/wp\/v2\/media?parent=65"}],"curies":[{"name":"wp","href":"https:\/\/api.w.org\/{rel}","templated":true}]}}