{"id":63,"date":"2024-05-22T15:26:48","date_gmt":"2024-05-22T13:26:48","guid":{"rendered":"https:\/\/nbtrand.cluster023.hosting.ovh.net\/?page_id=63"},"modified":"2024-05-22T17:43:11","modified_gmt":"2024-05-22T15:43:11","slug":"courses-express","status":"publish","type":"page","link":"https:\/\/nbtransport76.fr\/index.php\/courses-express\/","title":{"rendered":"COURSES EXPRESS"},"content":{"rendered":"\n<p>Solution simple &amp; efficace pour vos courses express<\/p>\n\n\n\n<p><strong>\u00c0 LA RECHERCHE D\u2019UN SERVICE DE TRANSPORT PERSONNALIS\u00c9 ?<\/strong><\/p>\n\n\n\n<p>Un simple coup de t\u00e9l\u00e9phone suffit pour obtenir un devis. En fonction de vos besoins sp\u00e9cifiques, nous vous proposerons le v\u00e9hicule le plus adapt\u00e9.<\/p>\n\n\n<div class=\"wp-block-image\">\n<figure class=\"alignright size-full is-resized\"><img loading=\"lazy\" decoding=\"async\" width=\"565\" height=\"330\" src=\"https:\/\/nbtransport76.fr\/wp-content\/uploads\/2024\/05\/les-plateformes-optimisees-pour-le-fret-urgent.jpg\" alt=\"\" class=\"wp-image-96\" style=\"width:346px;height:auto\" srcset=\"https:\/\/nbtransport76.fr\/wp-content\/uploads\/2024\/05\/les-plateformes-optimisees-pour-le-fret-urgent.jpg 565w, https:\/\/nbtransport76.fr\/wp-content\/uploads\/2024\/05\/les-plateformes-optimisees-pour-le-fret-urgent-300x175.jpg 300w\" sizes=\"auto, (max-width: 565px) 100vw, 565px\" \/><\/figure>\n<\/div>\n\n\n<p><strong>NOTRE EXPERTISE ET NOS DOMAINES D\u2019INTERVENTION :<\/strong><\/p>\n\n\n\n<p>Nous assurons toutes les livraisons urgentes, que ce soit au niveau national ou international. <\/p>\n\n\n\n<p>Nous \u00e9tudions et mettons en place des solutions sur mesure pour r\u00e9pondre \u00e0 vos besoins. Nous desservons toute la France et l\u2019ensemble de la Communaut\u00e9 Europ\u00e9enne dans des d\u00e9lais express au d\u00e9part des d\u00e9partements 27, 75, 76, 78, 14, 60, 80. <\/p>\n\n\n\n<p>Nos services de transport express sont adapt\u00e9s \u00e0 vos exigences (horaire programm\u00e9, double \u00e9quipage, type de v\u00e9hicule sp\u00e9cifique, livraison sur chantier, produits pharmaceutiques \u2026).<\/p>\n\n\n\n<p>Un suivi en temps r\u00e9el de vos envois express est mis \u00e0 votre disposition par notre \u00e9quipe.<\/p>\n\n\n\n<p>L\u2019urgence est notre sp\u00e9cialit\u00e9, notre \u00e9quipe d\u2019experts est \u00e0 votre \u00e9coute.<\/p>\n","protected":false},"excerpt":{"rendered":"<p>Solution simple &amp; efficace pour vos courses express \u00c0 LA RECHERCHE D\u2019UN SERVICE DE TRANSPORT PERSONNALIS\u00c9 ? Un simple coup de t\u00e9l\u00e9phone suffit pour obtenir un devis. En fonction de vos besoins sp\u00e9cifiques, nous vous proposerons le v\u00e9hicule le plus adapt\u00e9. NOTRE EXPERTISE ET NOS DOMAINES D\u2019INTERVENTION : Nous assurons toutes les livraisons urgentes, que [&hellip;]<\/p>\n","protected":false},"author":1,"featured_media":0,"parent":0,"menu_order":0,"comment_status":"closed","ping_status":"closed","template":"","meta":{"footnotes":""},"class_list":["post-63","page","type-page","status-publish","hentry"],"_links":{"self":[{"href":"https:\/\/nbtransport76.fr\/index.php\/wp-json\/wp\/v2\/pages\/63","targetHints":{"allow":["GET"]}}],"collection":[{"href":"https:\/\/nbtransport76.fr\/index.php\/wp-json\/wp\/v2\/pages"}],"about":[{"href":"https:\/\/nbtransport76.fr\/index.php\/wp-json\/wp\/v2\/types\/page"}],"author":[{"embeddable":true,"href":"https:\/\/nbtransport76.fr\/index.php\/wp-json\/wp\/v2\/users\/1"}],"replies":[{"embeddable":true,"href":"https:\/\/nbtransport76.fr\/index.php\/wp-json\/wp\/v2\/comments?post=63"}],"version-history":[{"count":6,"href":"https:\/\/nbtransport76.fr\/index.php\/wp-json\/wp\/v2\/pages\/63\/revisions"}],"predecessor-version":[{"id":97,"href":"https:\/\/nbtransport76.fr\/index.php\/wp-json\/wp\/v2\/pages\/63\/revisions\/97"}],"wp:attachment":[{"href":"https:\/\/nbtransport76.fr\/index.php\/wp-json\/wp\/v2\/media?parent=63"}],"curies":[{"name":"wp","href":"https:\/\/api.w.org\/{rel}","templated":true}]}}